{"id":37747,"date":"2022-09-27T11:51:15","date_gmt":"2022-09-27T16:51:15","guid":{"rendered":"https:\/\/drlesliekorn.com\/pagame\/"},"modified":"2025-09-26T20:11:32","modified_gmt":"2025-09-27T02:11:32","slug":"pagar","status":"publish","type":"page","link":"https:\/\/drlesliekorn.com\/es\/pagar\/","title":{"rendered":"P\u00e1game"},"content":{"rendered":"\n<div class=\"wp-block-group alignfull paymentSec has-background\" style=\"background-color:#faf5ee\"><div class=\"wp-block-group__inner-container is-layout-flow wp-block-group-is-layout-flow\">\n<h1 class=\"wp-block-heading\" id=\"h-make-a-payment\" style=\"font-size:40px\">Hacer un pago<\/h1>\n\n\n\n<div class=\"wp-block-columns is-layout-flex wp-container-core-columns-is-layout-9d6595d7 wp-block-columns-is-layout-flex\">\n<div class=\"wp-block-column is-vertically-aligned-center rightCol is-layout-flow wp-block-column-is-layout-flow\">\n<h2 class=\"wp-block-heading innerHead\" id=\"h-paypal\">PayPal<\/h2>\n\n\n<div id=\"smart-button-container\">\n\t<div style=\"text-align: center\"><input name=\"amountInput\" type=\"number\" id=\"amount\" value=\"\" placeholder=\"Enter amount\"><span> USD<\/span><\/div>\n\t<!--         <p id=\"priceLabelError\" style=\"visibility: hidden; color:red; text-align: center;\">Please enter a price<\/p> -->\n\t<div style=\"text-align: center; margin-top: 0.625rem;\" id=\"paypal-button-container\"><\/div>\n<\/div>\n<script src=\"https:\/\/www.paypal.com\/sdk\/js?client-id=ATC6AhvAbi7X-GGvlIC3yGF_JDfH6NXXa7D3Nj9P1aF6_CrDaYFog1Hl5fFDpom5MT4p0Wzuu4HLIdeE&enable-funding=venmo&currency=USD\" data-sdk-integration-source=\"button-factory\"><\/script>\n<script>\n\tfunction initPayPalButton() {\n\t\tvar amount = document.querySelector('#smart-button-container #amount');\n\t\t\/\/       var priceError = document.querySelector('#smart-button-container #priceLabelError');\n\n\t\tvar elArr = [amount];\n\n\t\tvar purchase_units = [];\n\t\tpurchase_units[0] = {};\n\t\tpurchase_units[0].amount = {};\n\n\t\tfunction validate(event) {\n\t\t\treturn event.value.length > 0;\n\t\t}\n\n\t\tpaypal.Buttons({\n\t\t\tstyle: {\n\t\t\t\tcolor: 'gold',\n\t\t\t\tshape: 'rect',\n\t\t\t\tlabel: 'pay',\n\t\t\t\tlayout: 'vertical',\n\n\t\t\t},\n\n\t\t\tonInit: function (data, actions) {\n\t\t\t\tactions.disable();\n\n\t\t\t\telArr.forEach(function (item) {\n\t\t\t\t\titem.addEventListener('keyup', function (event) {\n\t\t\t\t\t\tvar result = elArr.every(validate);\n\t\t\t\t\t\tif (result) {\n\t\t\t\t\t\t\tactions.enable();\n\t\t\t\t\t\t} else {\n\t\t\t\t\t\t\tactions.disable();\n\t\t\t\t\t\t}\n\t\t\t\t\t});\n\t\t\t\t});\n\t\t\t},\n\n\t\t\tonClick: function () {\n\t\t\t\t\/\/           if (amount.value.length < 1) {\n\t\t\t\t\/\/             priceError.style.visibility = \"visible\";\n\t\t\t\t\/\/           } else {\n\t\t\t\t\/\/             priceError.style.visibility = \"hidden\";\n\t\t\t\t\/\/           }\n\n\t\t\t\tpurchase_units[0].amount.value = amount.value;\n\n\t\t\t},\n\n\t\t\tcreateOrder: function (data, actions) {\n\t\t\t\treturn actions.order.create({\n\t\t\t\t\tpurchase_units: purchase_units,\n\t\t\t\t});\n\t\t\t},\n\n\t\t\tonApprove: function (data, actions) {\n\t\t\t\treturn actions.order.capture().then(function (orderData) {\n\n\t\t\t\t\t\/\/ Full available details\n\t\t\t\t\tconsole.log('Capture result', orderData, JSON.stringify(orderData, null, 2));\n\n\t\t\t\t\t\/\/ Show a success message within this page, e.g.\n\t\t\t\t\tconst element = document.getElementById('paypal-button-container');\n\t\t\t\t\telement.innerHTML = '';\n\t\t\t\t\telement.innerHTML = '<h3>Thank you for your payment!<\/h3>';\n\n\t\t\t\t\t\/\/ Or go to another URL:  actions.redirect('thank_you.html');\n\n\t\t\t\t});\n\t\t\t},\n\n\t\t\tonError: function (err) {\n\t\t\t\tconsole.log(err);\n\t\t\t}\n\t\t}).render('#paypal-button-container');\n\t}\n\tinitPayPalButton();\n<\/script>\n\n\n\n\n<div style=\"height:40px\" aria-hidden=\"true\" class=\"wp-block-spacer\"><\/div>\n\n\n\n<h2 class=\"wp-block-heading innerHead\">Tarjeta de d\u00e9bito o cr\u00e9dito<\/h2>\n\n\n<div id=\"simpay-stripe_checkout-form-wrap-33653\" data-id=\"simpay-form-33653-wrap\" class=\"simpay-form-wrap simpay-stripe_checkout-form-wrap\"><form action=\"\" method=\"post\" class=\"simpay-checkout-form simpay-form-33653 simpay-checkout-form--stripe_checkout\" id=\"simpay-form-33653\" data-simpay-form-id=\"33653\" >\n\t\t<fieldset\n\t\t\tclass=\"simpay-form-control simpay-plan-select-container\"\n\t\t\tdata-display-type=\"radio\"\n\t\t\tstyle=\"display: none\"\n\t\t>\n\t\t\t<div class=\"simpay-plan_select-label simpay-label-wrap\">\n\t\t\t\t<legend class=\"screen-reader-text\">\n\t\t\t\t\tplan_select\t\t\t\t<\/legend>\n\t\t\t<\/div>\n\n\t\t\t<div class=\"simpay-plan-wrapper simpay-field-wrap simpay-dropdown-wrap\">\n\t\t\t\t<ul class=\"simpay-multi-plan-radio-group\">\n\t\t\t\t\t\t\t\t\t<li>\n\t\t\t\t\t\t<label for=\"simpay_c739625a-a889-4b88-a5ec-bb960176f390-instance-770\">\n\t\t\t\t\t\t\t<input\n\t\t\t\t\t\t\t\ttype=\"radio\"\n\t\t\t\t\t\t\t\t\n\t\t\tid=\"simpay_c739625a-a889-4b88-a5ec-bb960176f390-instance-770\"\n\t\t\tclass=\"simpay-multi-sub simpay-price-option-simpay_c739625a-a889-4b88-a5ec-bb960176f390\"\n\t\t\tdata-price='{\"instance_id\":\"87317625-dab6-4dd7-b270-55a15cfa085a\",\"product_id\":\"prod_MVdvNKPWo2UNL1\",\"id\":\"simpay_c739625a-a889-4b88-a5ec-bb960176f390\",\"default\":true,\"label\":null,\"currency\":\"usd\",\"currency_symbol\":\"&#36;\",\"is_zero_decimal\":false,\"unit_amount\":100,\"unit_amount_min\":\"100\",\"can_recur\":false,\"recurring\":null,\"line_items\":null,\"generated_label\":\"desde &#36;1.00\",\"simplified_label\":\"&#36;1.00\",\"currency_min_amount\":100}'\n\t\t\tname=\"simpay_price\"\n\t\t\t checked='checked'\n\t\t\t\n\t\t\t\n\t\t\tvalue=\"simpay_c739625a-a889-4b88-a5ec-bb960176f390\"\n\t\t\tdata-plan-id=\"simpay_c739625a-a889-4b88-a5ec-bb960176f390\"\n\t\t\tdata-plan-amount=\"1\"\n\t\t\t\n\t\t\t\t\t\t\t\t\t\t\/>\n\t\t\t\t\t\t\tdesde &#036;1.00\t\t\t\t\t\t<\/label>\n\t\t\t\t\t<\/li>\n\t\t\t\t\t\t\t\t<\/ul>\n\t\t\t<\/div>\n\t\t<\/fieldset>\n\n\t\t\n\t\t\n\t\t<div\n\t\t\tclass=\"simpay-form-control simpay-custom-amount-container\"\n\t\t\t\t\t>\n\t\t\t\n\t\t<div class=\"simpay-custom_amount-label simpay-label-wrap\">\n\t\t\t<label for=\"simpay-form-33653-field-3\" class=\"\">\n\t\t\t\tEnter Amount\t\t\t\t\t\t\t<\/label>\n\t\t<\/div>\n\n\t\t\t\t\t<div class=\"simpay-custom-amount-wrap simpay-field-wrap\">\n\t\t\t\t<span class=\"simpay-currency-symbol simpay-currency-symbol-left\">&#36;<\/span>\t\t\t\t<input\n\t\t\t\t\ttype=\"tel\"\n\t\t\t\t\tname=\"simpay_custom_price_amount\"\n\t\t\t\t\tid=\"simpay-form-33653-field-3\"\n\t\t\t\t\t\t\t\t\t\tplaceholder=\"\"\n\t\t\t\t\tclass=\"simpay-amount-input simpay-custom-amount-input simpay-custom-amount-input-symbol-left\"\n\t\t\t\t\tdata-prefill-default=\"\"\n\t\t\t\t\tdata-placeholder=\"\"\n\t\t\t\t\t\t\t\t\t\/>\n\t\t\t\t\t\t\t<\/div>\n\t\t<\/div>\n\n\t\t\n\t\t<div class=\"simpay-form-control\"><button id=\"simpay-33653-payment-button\" class=\"simpay-btn simpay-payment-btn simpay-disabled\" disabled><span>Debit or Credit Card<\/span><\/button><\/div><div class=\"simpay-generic-error simpay-errors\" id=\"simpay-form-33653-error\" aria-live=\"assertive\" aria-relevant=\"additions text\" aria-atomic=\"true\"><\/div><input type=\"hidden\" name=\"simpay_form_id\" value=\"33653\" \/><input type=\"hidden\" name=\"simpay_amount\" value=\"\" class=\"simpay-amount\" \/><input type=\"hidden\" name=\"simpay_tax_amount\" value=\"\" class=\"simpay-tax-amount\" \/><input type=\"hidden\" id=\"_wpnonce\" name=\"_wpnonce\" value=\"e2f1bf3843\" \/><input type=\"hidden\" name=\"_wp_http_referer\" value=\"\/es\/wp-json\/wp\/v2\/pages\/37747\" \/><\/form><\/div>\n\n\n<div class=\"wp-block-image\">\n<figure class=\"aligncenter size-full\"><img decoding=\"async\" width=\"174\" height=\"21\" src=\"https:\/\/drlesliekorn.com\/wp-content\/uploads\/2022\/09\/payments-image.png\" alt=\"payments-image\" class=\"wp-image-33660\"\/><\/figure>\n<\/div><\/div>\n<\/div>\n<\/div><\/div>\n","protected":false},"excerpt":{"rendered":"<p>Hacer un pago PayPal Tarjeta de d\u00e9bito o cr\u00e9dito<\/p>\n","protected":false},"author":20,"featured_media":0,"parent":0,"menu_order":0,"comment_status":"closed","ping_status":"closed","template":"","meta":{"_acf_changed":false,"inline_featured_image":false,"_genesis_hide_title":true,"_genesis_hide_breadcrumbs":false,"_genesis_hide_singular_image":false,"_genesis_hide_footer_widgets":false,"_genesis_custom_body_class":"","_genesis_custom_post_class":"","_genesis_layout":"","footnotes":""},"class_list":{"0":"post-37747","1":"page","2":"type-page","3":"status-publish","5":"entry"},"acf":[],"yoast_head":"<!-- This site is optimized with the Yoast SEO Premium plugin v27.3 (Yoast SEO v27.3) - https:\/\/yoast.com\/product\/yoast-seo-premium-wordpress\/ -->\n<title>Hacer un pago - Dra. Leslie Korn<\/title>\n<meta name=\"description\" content=\"Utilice este formulario para realizar un pago por consultas de salud, asesoramiento profesional, desarrollo de pr\u00e1cticas, entrenamiento o supervisi\u00f3n.\" \/>\n<meta name=\"robots\" content=\"index, follow, max-snippet:-1, max-image-preview:large, max-video-preview:-1\" \/>\n<link rel=\"canonical\" href=\"https:\/\/drlesliekorn.com\/es\/pagar\/\" \/>\n<meta property=\"og:locale\" content=\"es_ES\" \/>\n<meta property=\"og:type\" content=\"article\" \/>\n<meta property=\"og:title\" content=\"P\u00e1game | Dr. Leslie Korn\" \/>\n<meta property=\"og:description\" content=\"Hacer un pago   PayPal      Tarjeta de d\u00e9bito o cr\u00e9dito\" \/>\n<meta property=\"og:url\" content=\"https:\/\/drlesliekorn.com\/es\/pagar\/\" \/>\n<meta property=\"og:site_name\" content=\"Dr. Leslie Korn\" \/>\n<meta property=\"article:publisher\" content=\"https:\/\/www.facebook.com\/drlesliekorn1\" \/>\n<meta property=\"article:modified_time\" content=\"2025-09-27T02:11:32+00:00\" \/>\n<meta property=\"og:image\" content=\"https:\/\/drlesliekorn.com\/wp-content\/uploads\/2022\/09\/payments-image.png\" \/>\n\t<meta property=\"og:image:width\" content=\"174\" \/>\n\t<meta property=\"og:image:height\" content=\"21\" \/>\n\t<meta property=\"og:image:type\" content=\"image\/png\" \/>\n<meta name=\"twitter:card\" content=\"summary_large_image\" \/>\n<meta name=\"twitter:label1\" content=\"Tiempo de lectura\" \/>\n\t<meta name=\"twitter:data1\" content=\"1 minuto\" \/>\n<script type=\"application\/ld+json\" class=\"yoast-schema-graph\">{\"@context\":\"https:\\\/\\\/schema.org\",\"@graph\":[{\"@type\":\"WebPage\",\"@id\":\"https:\\\/\\\/drlesliekorn.com\\\/es\\\/pagar\\\/\",\"url\":\"https:\\\/\\\/drlesliekorn.com\\\/es\\\/pagar\\\/\",\"name\":\"Hacer un pago - Dra. Leslie Korn\",\"isPartOf\":{\"@id\":\"https:\\\/\\\/drlesliekorn.com\\\/#website\"},\"primaryImageOfPage\":{\"@id\":\"https:\\\/\\\/drlesliekorn.com\\\/es\\\/pagar\\\/#primaryimage\"},\"image\":{\"@id\":\"https:\\\/\\\/drlesliekorn.com\\\/es\\\/pagar\\\/#primaryimage\"},\"thumbnailUrl\":\"https:\\\/\\\/drlesliekorn.com\\\/wp-content\\\/uploads\\\/2022\\\/09\\\/payments-image.png\",\"datePublished\":\"2022-09-27T16:51:15+00:00\",\"dateModified\":\"2025-09-27T02:11:32+00:00\",\"description\":\"Utilice este formulario para realizar un pago por consultas de salud, asesoramiento profesional, desarrollo de pr\u00e1cticas, entrenamiento o supervisi\u00f3n.\",\"inLanguage\":\"es\",\"potentialAction\":[{\"@type\":\"ReadAction\",\"target\":[\"https:\\\/\\\/drlesliekorn.com\\\/es\\\/pagar\\\/\"]}]},{\"@type\":\"ImageObject\",\"inLanguage\":\"es\",\"@id\":\"https:\\\/\\\/drlesliekorn.com\\\/es\\\/pagar\\\/#primaryimage\",\"url\":\"https:\\\/\\\/drlesliekorn.com\\\/wp-content\\\/uploads\\\/2022\\\/09\\\/payments-image.png\",\"contentUrl\":\"https:\\\/\\\/drlesliekorn.com\\\/wp-content\\\/uploads\\\/2022\\\/09\\\/payments-image.png\"},{\"@type\":\"WebSite\",\"@id\":\"https:\\\/\\\/drlesliekorn.com\\\/#website\",\"url\":\"https:\\\/\\\/drlesliekorn.com\\\/\",\"name\":\"Dr. Leslie Korn\",\"description\":\"Integrative Medicine with Heart\",\"publisher\":{\"@id\":\"https:\\\/\\\/drlesliekorn.com\\\/#\\\/schema\\\/person\\\/5ccfb74a0c80a3e8905c14756907556d\"},\"potentialAction\":[{\"@type\":\"SearchAction\",\"target\":{\"@type\":\"EntryPoint\",\"urlTemplate\":\"https:\\\/\\\/drlesliekorn.com\\\/?s={search_term_string}\"},\"query-input\":{\"@type\":\"PropertyValueSpecification\",\"valueRequired\":true,\"valueName\":\"search_term_string\"}}],\"inLanguage\":\"es\"},{\"@type\":[\"Person\",\"Organization\"],\"@id\":\"https:\\\/\\\/drlesliekorn.com\\\/#\\\/schema\\\/person\\\/5ccfb74a0c80a3e8905c14756907556d\",\"name\":\"Leslie Korn, PhD, MPH\",\"image\":{\"@type\":\"ImageObject\",\"inLanguage\":\"es\",\"@id\":\"https:\\\/\\\/drlesliekorn.com\\\/wp-content\\\/uploads\\\/2022\\\/02\\\/dr-leslie-korn-logo-color-v.png\",\"url\":\"https:\\\/\\\/drlesliekorn.com\\\/wp-content\\\/uploads\\\/2022\\\/02\\\/dr-leslie-korn-logo-color-v.png\",\"contentUrl\":\"https:\\\/\\\/drlesliekorn.com\\\/wp-content\\\/uploads\\\/2022\\\/02\\\/dr-leslie-korn-logo-color-v.png\",\"width\":2015,\"height\":1912,\"caption\":\"Leslie Korn, PhD, MPH\"},\"logo\":{\"@id\":\"https:\\\/\\\/drlesliekorn.com\\\/wp-content\\\/uploads\\\/2022\\\/02\\\/dr-leslie-korn-logo-color-v.png\"},\"description\":\"Leslie Korn, PhD, MPH, is a Doctor of Behavioral Medicine and a pioneer in natural and integrative medicine for mental health and chronic illness. She is the author of 10 books and the developer of the Brainbow Blueprint\u00ae model. She served as a Fulbright scholar on traditional medicine, a Clinical Fellow at Harvard Medical School, and a National Institutes of Health-funded research scientist in mind\\\/body medicine.\",\"sameAs\":[\"https:\\\/\\\/drlesliekorn.com\",\"https:\\\/\\\/www.facebook.com\\\/drlesliekorn1\",\"https:\\\/\\\/www.instagram.com\\\/dr.lesliekorn\\\/?hl=en\",\"https:\\\/\\\/www.linkedin.com\\\/in\\\/dr-leslie-korn-5455135\"]}]}<\/script>\n<!-- \/ Yoast SEO Premium plugin. -->","yoast_head_json":{"title":"Hacer un pago - Dra. Leslie Korn","description":"Utilice este formulario para realizar un pago por consultas de salud, asesoramiento profesional, desarrollo de pr\u00e1cticas, entrenamiento o supervisi\u00f3n.","robots":{"index":"index","follow":"follow","max-snippet":"max-snippet:-1","max-image-preview":"max-image-preview:large","max-video-preview":"max-video-preview:-1"},"canonical":"https:\/\/drlesliekorn.com\/es\/pagar\/","og_locale":"es_ES","og_type":"article","og_title":"P\u00e1game | Dr. Leslie Korn","og_description":"Hacer un pago   PayPal      Tarjeta de d\u00e9bito o cr\u00e9dito","og_url":"https:\/\/drlesliekorn.com\/es\/pagar\/","og_site_name":"Dr. Leslie Korn","article_publisher":"https:\/\/www.facebook.com\/drlesliekorn1","article_modified_time":"2025-09-27T02:11:32+00:00","og_image":[{"width":174,"height":21,"url":"https:\/\/drlesliekorn.com\/wp-content\/uploads\/2022\/09\/payments-image.png","type":"image\/png"}],"twitter_card":"summary_large_image","twitter_misc":{"Tiempo de lectura":"1 minuto"},"schema":{"@context":"https:\/\/schema.org","@graph":[{"@type":"WebPage","@id":"https:\/\/drlesliekorn.com\/es\/pagar\/","url":"https:\/\/drlesliekorn.com\/es\/pagar\/","name":"Hacer un pago - Dra. Leslie Korn","isPartOf":{"@id":"https:\/\/drlesliekorn.com\/#website"},"primaryImageOfPage":{"@id":"https:\/\/drlesliekorn.com\/es\/pagar\/#primaryimage"},"image":{"@id":"https:\/\/drlesliekorn.com\/es\/pagar\/#primaryimage"},"thumbnailUrl":"https:\/\/drlesliekorn.com\/wp-content\/uploads\/2022\/09\/payments-image.png","datePublished":"2022-09-27T16:51:15+00:00","dateModified":"2025-09-27T02:11:32+00:00","description":"Utilice este formulario para realizar un pago por consultas de salud, asesoramiento profesional, desarrollo de pr\u00e1cticas, entrenamiento o supervisi\u00f3n.","inLanguage":"es","potentialAction":[{"@type":"ReadAction","target":["https:\/\/drlesliekorn.com\/es\/pagar\/"]}]},{"@type":"ImageObject","inLanguage":"es","@id":"https:\/\/drlesliekorn.com\/es\/pagar\/#primaryimage","url":"https:\/\/drlesliekorn.com\/wp-content\/uploads\/2022\/09\/payments-image.png","contentUrl":"https:\/\/drlesliekorn.com\/wp-content\/uploads\/2022\/09\/payments-image.png"},{"@type":"WebSite","@id":"https:\/\/drlesliekorn.com\/#website","url":"https:\/\/drlesliekorn.com\/","name":"Dr. Leslie Korn","description":"Integrative Medicine with Heart","publisher":{"@id":"https:\/\/drlesliekorn.com\/#\/schema\/person\/5ccfb74a0c80a3e8905c14756907556d"},"potentialAction":[{"@type":"SearchAction","target":{"@type":"EntryPoint","urlTemplate":"https:\/\/drlesliekorn.com\/?s={search_term_string}"},"query-input":{"@type":"PropertyValueSpecification","valueRequired":true,"valueName":"search_term_string"}}],"inLanguage":"es"},{"@type":["Person","Organization"],"@id":"https:\/\/drlesliekorn.com\/#\/schema\/person\/5ccfb74a0c80a3e8905c14756907556d","name":"Leslie Korn, PhD, MPH","image":{"@type":"ImageObject","inLanguage":"es","@id":"https:\/\/drlesliekorn.com\/wp-content\/uploads\/2022\/02\/dr-leslie-korn-logo-color-v.png","url":"https:\/\/drlesliekorn.com\/wp-content\/uploads\/2022\/02\/dr-leslie-korn-logo-color-v.png","contentUrl":"https:\/\/drlesliekorn.com\/wp-content\/uploads\/2022\/02\/dr-leslie-korn-logo-color-v.png","width":2015,"height":1912,"caption":"Leslie Korn, PhD, MPH"},"logo":{"@id":"https:\/\/drlesliekorn.com\/wp-content\/uploads\/2022\/02\/dr-leslie-korn-logo-color-v.png"},"description":"Leslie Korn, PhD, MPH, is a Doctor of Behavioral Medicine and a pioneer in natural and integrative medicine for mental health and chronic illness. She is the author of 10 books and the developer of the Brainbow Blueprint\u00ae model. She served as a Fulbright scholar on traditional medicine, a Clinical Fellow at Harvard Medical School, and a National Institutes of Health-funded research scientist in mind\/body medicine.","sameAs":["https:\/\/drlesliekorn.com","https:\/\/www.facebook.com\/drlesliekorn1","https:\/\/www.instagram.com\/dr.lesliekorn\/?hl=en","https:\/\/www.linkedin.com\/in\/dr-leslie-korn-5455135"]}]}},"_links":{"self":[{"href":"https:\/\/drlesliekorn.com\/es\/wp-json\/wp\/v2\/pages\/37747","targetHints":{"allow":["GET"]}}],"collection":[{"href":"https:\/\/drlesliekorn.com\/es\/wp-json\/wp\/v2\/pages"}],"about":[{"href":"https:\/\/drlesliekorn.com\/es\/wp-json\/wp\/v2\/types\/page"}],"author":[{"embeddable":true,"href":"https:\/\/drlesliekorn.com\/es\/wp-json\/wp\/v2\/users\/20"}],"replies":[{"embeddable":true,"href":"https:\/\/drlesliekorn.com\/es\/wp-json\/wp\/v2\/comments?post=37747"}],"version-history":[{"count":0,"href":"https:\/\/drlesliekorn.com\/es\/wp-json\/wp\/v2\/pages\/37747\/revisions"}],"wp:attachment":[{"href":"https:\/\/drlesliekorn.com\/es\/wp-json\/wp\/v2\/media?parent=37747"}],"curies":[{"name":"wp","href":"https:\/\/api.w.org\/{rel}","templated":true}]}}