{"id":37772,"date":"2022-10-11T13:49:57","date_gmt":"2022-10-11T13:49:57","guid":{"rendered":"https:\/\/drlesliekorn.com\/libros\/medicinas-de-la-selva-oeste-de-mexico\/"},"modified":"2023-06-21T09:39:49","modified_gmt":"2023-06-21T09:39:49","slug":"medicinas-de-la-selva-oeste-de-mexico","status":"publish","type":"page","link":"https:\/\/drlesliekorn.com\/es\/libros\/medicinas-de-la-selva-oeste-de-mexico\/","title":{"rendered":"Medicinas de la selva: Oeste de M\u00e9xico"},"content":{"rendered":"\n<div class=\"wp-block-group alignfull k-home-sec Col-noDisp has-background\" style=\"background-color:#eae1d5\"><div class=\"wp-block-group__inner-container is-layout-flow wp-block-group-is-layout-flow\">\n<div class=\"wp-block-columns is-layout-flex wp-container-core-columns-is-layout-9d6595d7 wp-block-columns-is-layout-flex\">\n<div class=\"wp-block-column book-banner-left-clm is-layout-flow wp-block-column-is-layout-flow\"><\/div>\n\n\n\n<div class=\"wp-block-column nutr-sec-clm is-layout-flow wp-block-column-is-layout-flow\">\n<figure class=\"wp-block-image size-large\"><img decoding=\"async\" width=\"783\" height=\"1024\" src=\"https:\/\/drlesliekorn.com\/wp-content\/uploads\/2023\/01\/medicines-of-the-jungle-western-mexico-dr-leslie-korn-783x1024.webp\" alt=\"\" class=\"wp-image-35322\" srcset=\"https:\/\/drlesliekorn.com\/wp-content\/uploads\/2023\/01\/medicines-of-the-jungle-western-mexico-dr-leslie-korn-783x1024.webp 783w, https:\/\/drlesliekorn.com\/wp-content\/uploads\/2023\/01\/medicines-of-the-jungle-western-mexico-dr-leslie-korn-399x522.webp 399w, https:\/\/drlesliekorn.com\/wp-content\/uploads\/2023\/01\/medicines-of-the-jungle-western-mexico-dr-leslie-korn-768x1004.webp 768w, https:\/\/drlesliekorn.com\/wp-content\/uploads\/2023\/01\/medicines-of-the-jungle-western-mexico-dr-leslie-korn.webp 800w\" sizes=\"(max-width: 783px) 100vw, 783px\" \/><\/figure>\n<\/div>\n\n\n\n<div class=\"wp-block-column book-banner-right-clm no-spacer is-layout-flow wp-block-column-is-layout-flow\">\n<div style=\"height:280px\" aria-hidden=\"true\" class=\"wp-block-spacer\"><\/div>\n<\/div>\n<\/div>\n<\/div><\/div>\n\n\n\n<div class=\"wp-block-group alignfull k-home-2nd-sec has-background\" style=\"background-color:#faf5ee\"><div class=\"wp-block-group__inner-container is-layout-flow wp-block-group-is-layout-flow\">\n<div class=\"wp-block-columns mb-0 is-layout-flex wp-container-core-columns-is-layout-9d6595d7 wp-block-columns-is-layout-flex\">\n<div class=\"wp-block-column is-layout-flow wp-block-column-is-layout-flow\">\n<h1 class=\"wp-block-heading has-text-align-center\" id=\"h-medicinas-de-la-selva-oeste-de-mexico\">Medicinas de la selva: Oeste de M\u00e9xico<\/h1>\n\n\n\n<p class=\"book-pera\">Este libro biling\u00fce (espa\u00f1ol e ingl\u00e9s) sobre el oeste de M\u00e9xico describe una de las farmacias m\u00e1s ricas del mundo; esta farmacia reside en la selva seca que se extiende desde la costa hasta las monta\u00f1as. Este libro documenta once de las plantas medicinales m\u00e1s importantes utilizadas com\u00fanmente por los habitantes de la Comunidad Ind\u00edgena de Chacala.<em> <\/em><\/p>\n\n\n\n<div style=\"height:64px\" aria-hidden=\"true\" class=\"wp-block-spacer\"><\/div>\n\n\n\n<div class=\"wp-block-columns is-layout-flex wp-container-core-columns-is-layout-9d6595d7 wp-block-columns-is-layout-flex\">\n<div class=\"wp-block-column cet-cta-sec has-background is-layout-flow wp-block-column-is-layout-flow\" style=\"background-color:#eae1d5\">\n<h3 class=\"wp-block-heading has-text-align-center book-head\" id=\"h-obten-tu-copia-de-medicinas-de-la-selva\">Obt\u00e9n tu copia de Medicinas de la selva<\/h3>\n\n\n\n<div class=\"wp-block-buttons is-content-justification-center is-layout-flex wp-container-core-buttons-is-layout-16018d1d wp-block-buttons-is-layout-flex\">\n<div class=\"wp-block-button is-style-fill\"><a class=\"wp-block-button__link wp-element-button\" href=\"https:\/\/itunes.apple.com\/us\/book\/medicinas-la-selva-mexico\/id771436075?mt=11\" target=\"_blank\" rel=\"noreferrer noopener\">iBooks<\/a><\/div>\n<\/div>\n<\/div>\n<\/div>\n<\/div>\n<\/div>\n<\/div><\/div>\n\n\n\n<div class=\"wp-block-cover alignfull nutr-bg-cv-sec\"><span aria-hidden=\"true\" class=\"wp-block-cover__background has-background-dim-0 has-background-dim\"><\/span><img decoding=\"async\" width=\"2560\" height=\"1707\" class=\"wp-block-cover__image-background wp-image-35324\" alt=\"\" src=\"https:\/\/drlesliekorn.com\/wp-content\/uploads\/2023\/01\/medicines-of-the-jungle-western-mexico-passionflower-scaled.webp\" data-object-fit=\"cover\" srcset=\"https:\/\/drlesliekorn.com\/wp-content\/uploads\/2023\/01\/medicines-of-the-jungle-western-mexico-passionflower-scaled.webp 2560w, https:\/\/drlesliekorn.com\/wp-content\/uploads\/2023\/01\/medicines-of-the-jungle-western-mexico-passionflower-784x522.webp 784w, https:\/\/drlesliekorn.com\/wp-content\/uploads\/2023\/01\/medicines-of-the-jungle-western-mexico-passionflower-1024x683.webp 1024w, https:\/\/drlesliekorn.com\/wp-content\/uploads\/2023\/01\/medicines-of-the-jungle-western-mexico-passionflower-768x512.webp 768w, https:\/\/drlesliekorn.com\/wp-content\/uploads\/2023\/01\/medicines-of-the-jungle-western-mexico-passionflower-1536x1024.webp 1536w, https:\/\/drlesliekorn.com\/wp-content\/uploads\/2023\/01\/medicines-of-the-jungle-western-mexico-passionflower-2048x1365.webp 2048w\" sizes=\"(max-width: 2560px) 100vw, 2560px\" \/><div class=\"wp-block-cover__inner-container is-layout-flow wp-block-cover-is-layout-flow\"><div class=\"wp-block-image nurtr-ab\">\n<figure class=\"aligncenter size-large\"><img decoding=\"async\" width=\"783\" height=\"1024\" src=\"https:\/\/drlesliekorn.com\/wp-content\/uploads\/2023\/01\/medicines-of-the-jungle-western-mexico-dr-leslie-korn-783x1024.webp\" alt=\"\" class=\"wp-image-35322\" srcset=\"https:\/\/drlesliekorn.com\/wp-content\/uploads\/2023\/01\/medicines-of-the-jungle-western-mexico-dr-leslie-korn-783x1024.webp 783w, https:\/\/drlesliekorn.com\/wp-content\/uploads\/2023\/01\/medicines-of-the-jungle-western-mexico-dr-leslie-korn-399x522.webp 399w, https:\/\/drlesliekorn.com\/wp-content\/uploads\/2023\/01\/medicines-of-the-jungle-western-mexico-dr-leslie-korn-768x1004.webp 768w, https:\/\/drlesliekorn.com\/wp-content\/uploads\/2023\/01\/medicines-of-the-jungle-western-mexico-dr-leslie-korn.webp 800w\" sizes=\"(max-width: 783px) 100vw, 783px\" \/><\/figure>\n<\/div><\/div><\/div>\n\n\n\n<div class=\"wp-block-group alignfull let-me-sec-grp has-background\" style=\"background-color:#faf5ee\"><div class=\"wp-block-group__inner-container is-layout-flow wp-block-group-is-layout-flow\">\n<div class=\"wp-block-columns is-layout-flex wp-container-core-columns-is-layout-9d6595d7 wp-block-columns-is-layout-flex\">\n<div class=\"wp-block-column is-layout-flow wp-block-column-is-layout-flow\">\n<h2 class=\"wp-block-heading has-text-align-center head abt mr-top0\" id=\"h-acerca-de-leslie-korn\">Acerca de Leslie Korn<\/h2>\n\n\n\n<p>La Dra. Leslie Korn ejerce la pr\u00e1ctica cl\u00ednica en dos idiomas y dos pa\u00edses desde 1977. Ha impartido clases de asesoramiento multicultural en el Instituto de Estudios Integrales de California, la Universidad Capella y la Universidad Lesley. Ha trabajado como directora de investigaci\u00f3n y educaci\u00f3n en cwis.org, una organizaci\u00f3n ind\u00edgena sin \u00e1nimo de lucro desde 1996.<\/p>\n<\/div>\n<\/div>\n<\/div><\/div>\n","protected":false},"excerpt":{"rendered":"<p>Medicinas de la selva: Oeste de M\u00e9xico Este libro biling\u00fce (espa\u00f1ol e ingl\u00e9s) sobre el oeste de M\u00e9xico describe una de las farmacias m\u00e1s ricas del mundo; esta farmacia reside [&hellip;]<\/p>\n","protected":false},"author":20,"featured_media":0,"parent":37763,"menu_order":0,"comment_status":"closed","ping_status":"closed","template":"","meta":{"_acf_changed":false,"inline_featured_image":false,"_genesis_hide_title":true,"_genesis_hide_breadcrumbs":false,"_genesis_hide_singular_image":false,"_genesis_hide_footer_widgets":false,"_genesis_custom_body_class":"","_genesis_custom_post_class":"","_genesis_layout":"","footnotes":""},"class_list":{"0":"post-37772","1":"page","2":"type-page","3":"status-publish","5":"entry"},"acf":[],"yoast_head":"<!-- This site is optimized with the Yoast SEO Premium plugin v27.3 (Yoast SEO v27.3) - https:\/\/yoast.com\/product\/yoast-seo-premium-wordpress\/ -->\n<title>Medicinas de la selva: el occidente de M\u00e9xico, por la Dra. Leslie Korn<\/title>\n<meta name=\"description\" content=\"Este libro documenta once de las plantas medicinales m\u00e1s importantes com\u00fanmente utilizadas por las personas que viven en la Comunidad Ind\u00edgena de Chacala.\" \/>\n<meta name=\"robots\" content=\"index, follow, max-snippet:-1, max-image-preview:large, max-video-preview:-1\" \/>\n<link rel=\"canonical\" href=\"https:\/\/drlesliekorn.com\/es\/libros\/medicinas-de-la-selva-oeste-de-mexico\/\" \/>\n<meta property=\"og:locale\" content=\"es_ES\" \/>\n<meta property=\"og:type\" content=\"article\" \/>\n<meta property=\"og:title\" content=\"Medicinas de la selva: Oeste de M\u00e9xico | Dr. Leslie Korn\" \/>\n<meta property=\"og:description\" content=\"Medicinas de la selva: Oeste de M\u00e9xico Este libro biling\u00fce (espa\u00f1ol e ingl\u00e9s) sobre el oeste de M\u00e9xico describe una de las farmacias m\u00e1s ricas del mundo;\" \/>\n<meta property=\"og:url\" content=\"https:\/\/drlesliekorn.com\/es\/libros\/medicinas-de-la-selva-oeste-de-mexico\/\" \/>\n<meta property=\"og:site_name\" content=\"Dr. Leslie Korn\" \/>\n<meta property=\"article:publisher\" content=\"https:\/\/www.facebook.com\/drlesliekorn1\" \/>\n<meta property=\"article:modified_time\" content=\"2023-06-21T09:39:49+00:00\" \/>\n<meta property=\"og:image\" content=\"https:\/\/drlesliekorn.com\/wp-content\/uploads\/2023\/01\/medicines-of-the-jungle-western-mexico-dr-leslie-korn-783x1024.webp\" \/>\n<meta name=\"twitter:card\" content=\"summary_large_image\" \/>\n<meta name=\"twitter:label1\" content=\"Tiempo de lectura\" \/>\n\t<meta name=\"twitter:data1\" content=\"2 minutos\" \/>\n<script type=\"application\/ld+json\" class=\"yoast-schema-graph\">{\"@context\":\"https:\\\/\\\/schema.org\",\"@graph\":[{\"@type\":\"WebPage\",\"@id\":\"https:\\\/\\\/drlesliekorn.com\\\/es\\\/libros\\\/medicinas-de-la-selva-oeste-de-mexico\\\/\",\"url\":\"https:\\\/\\\/drlesliekorn.com\\\/es\\\/libros\\\/medicinas-de-la-selva-oeste-de-mexico\\\/\",\"name\":\"Medicinas de la selva: el occidente de M\u00e9xico, por la Dra. Leslie Korn\",\"isPartOf\":{\"@id\":\"https:\\\/\\\/drlesliekorn.com\\\/#website\"},\"primaryImageOfPage\":{\"@id\":\"https:\\\/\\\/drlesliekorn.com\\\/es\\\/libros\\\/medicinas-de-la-selva-oeste-de-mexico\\\/#primaryimage\"},\"image\":{\"@id\":\"https:\\\/\\\/drlesliekorn.com\\\/es\\\/libros\\\/medicinas-de-la-selva-oeste-de-mexico\\\/#primaryimage\"},\"thumbnailUrl\":\"https:\\\/\\\/drlesliekorn.com\\\/wp-content\\\/uploads\\\/2023\\\/01\\\/medicines-of-the-jungle-western-mexico-dr-leslie-korn-783x1024.webp\",\"datePublished\":\"2022-10-11T13:49:57+00:00\",\"dateModified\":\"2023-06-21T09:39:49+00:00\",\"description\":\"Este libro documenta once de las plantas medicinales m\u00e1s importantes com\u00fanmente utilizadas por las personas que viven en la Comunidad Ind\u00edgena de Chacala.\",\"breadcrumb\":{\"@id\":\"https:\\\/\\\/drlesliekorn.com\\\/es\\\/libros\\\/medicinas-de-la-selva-oeste-de-mexico\\\/#breadcrumb\"},\"inLanguage\":\"es\",\"potentialAction\":[{\"@type\":\"ReadAction\",\"target\":[\"https:\\\/\\\/drlesliekorn.com\\\/es\\\/libros\\\/medicinas-de-la-selva-oeste-de-mexico\\\/\"]}]},{\"@type\":\"ImageObject\",\"inLanguage\":\"es\",\"@id\":\"https:\\\/\\\/drlesliekorn.com\\\/es\\\/libros\\\/medicinas-de-la-selva-oeste-de-mexico\\\/#primaryimage\",\"url\":\"https:\\\/\\\/drlesliekorn.com\\\/wp-content\\\/uploads\\\/2023\\\/01\\\/medicines-of-the-jungle-western-mexico-dr-leslie-korn-783x1024.webp\",\"contentUrl\":\"https:\\\/\\\/drlesliekorn.com\\\/wp-content\\\/uploads\\\/2023\\\/01\\\/medicines-of-the-jungle-western-mexico-dr-leslie-korn-783x1024.webp\"},{\"@type\":\"BreadcrumbList\",\"@id\":\"https:\\\/\\\/drlesliekorn.com\\\/es\\\/libros\\\/medicinas-de-la-selva-oeste-de-mexico\\\/#breadcrumb\",\"itemListElement\":[{\"@type\":\"ListItem\",\"position\":1,\"name\":\"Libros\",\"item\":\"https:\\\/\\\/drlesliekorn.com\\\/es\\\/libros\\\/\"},{\"@type\":\"ListItem\",\"position\":2,\"name\":\"Medicinas de la selva: Oeste de M\u00e9xico\"}]},{\"@type\":\"WebSite\",\"@id\":\"https:\\\/\\\/drlesliekorn.com\\\/#website\",\"url\":\"https:\\\/\\\/drlesliekorn.com\\\/\",\"name\":\"Dr. Leslie Korn\",\"description\":\"Integrative Medicine with Heart\",\"publisher\":{\"@id\":\"https:\\\/\\\/drlesliekorn.com\\\/#\\\/schema\\\/person\\\/5ccfb74a0c80a3e8905c14756907556d\"},\"potentialAction\":[{\"@type\":\"SearchAction\",\"target\":{\"@type\":\"EntryPoint\",\"urlTemplate\":\"https:\\\/\\\/drlesliekorn.com\\\/?s={search_term_string}\"},\"query-input\":{\"@type\":\"PropertyValueSpecification\",\"valueRequired\":true,\"valueName\":\"search_term_string\"}}],\"inLanguage\":\"es\"},{\"@type\":[\"Person\",\"Organization\"],\"@id\":\"https:\\\/\\\/drlesliekorn.com\\\/#\\\/schema\\\/person\\\/5ccfb74a0c80a3e8905c14756907556d\",\"name\":\"Leslie Korn, PhD, MPH\",\"image\":{\"@type\":\"ImageObject\",\"inLanguage\":\"es\",\"@id\":\"https:\\\/\\\/drlesliekorn.com\\\/wp-content\\\/uploads\\\/2022\\\/02\\\/dr-leslie-korn-logo-color-v.png\",\"url\":\"https:\\\/\\\/drlesliekorn.com\\\/wp-content\\\/uploads\\\/2022\\\/02\\\/dr-leslie-korn-logo-color-v.png\",\"contentUrl\":\"https:\\\/\\\/drlesliekorn.com\\\/wp-content\\\/uploads\\\/2022\\\/02\\\/dr-leslie-korn-logo-color-v.png\",\"width\":2015,\"height\":1912,\"caption\":\"Leslie Korn, PhD, MPH\"},\"logo\":{\"@id\":\"https:\\\/\\\/drlesliekorn.com\\\/wp-content\\\/uploads\\\/2022\\\/02\\\/dr-leslie-korn-logo-color-v.png\"},\"description\":\"Leslie Korn, PhD, MPH, is a Doctor of Behavioral Medicine and a pioneer in natural and integrative medicine for mental health and chronic illness. She is the author of 10 books and the developer of the Brainbow Blueprint\u00ae model. She served as a Fulbright scholar on traditional medicine, a Clinical Fellow at Harvard Medical School, and a National Institutes of Health-funded research scientist in mind\\\/body medicine.\",\"sameAs\":[\"https:\\\/\\\/drlesliekorn.com\",\"https:\\\/\\\/www.facebook.com\\\/drlesliekorn1\",\"https:\\\/\\\/www.instagram.com\\\/dr.lesliekorn\\\/?hl=en\",\"https:\\\/\\\/www.linkedin.com\\\/in\\\/dr-leslie-korn-5455135\"]}]}<\/script>\n<!-- \/ Yoast SEO Premium plugin. -->","yoast_head_json":{"title":"Medicinas de la selva: el occidente de M\u00e9xico, por la Dra. Leslie Korn","description":"Este libro documenta once de las plantas medicinales m\u00e1s importantes com\u00fanmente utilizadas por las personas que viven en la Comunidad Ind\u00edgena de Chacala.","robots":{"index":"index","follow":"follow","max-snippet":"max-snippet:-1","max-image-preview":"max-image-preview:large","max-video-preview":"max-video-preview:-1"},"canonical":"https:\/\/drlesliekorn.com\/es\/libros\/medicinas-de-la-selva-oeste-de-mexico\/","og_locale":"es_ES","og_type":"article","og_title":"Medicinas de la selva: Oeste de M\u00e9xico | Dr. Leslie Korn","og_description":"Medicinas de la selva: Oeste de M\u00e9xico Este libro biling\u00fce (espa\u00f1ol e ingl\u00e9s) sobre el oeste de M\u00e9xico describe una de las farmacias m\u00e1s ricas del mundo;","og_url":"https:\/\/drlesliekorn.com\/es\/libros\/medicinas-de-la-selva-oeste-de-mexico\/","og_site_name":"Dr. Leslie Korn","article_publisher":"https:\/\/www.facebook.com\/drlesliekorn1","article_modified_time":"2023-06-21T09:39:49+00:00","og_image":[{"url":"https:\/\/drlesliekorn.com\/wp-content\/uploads\/2023\/01\/medicines-of-the-jungle-western-mexico-dr-leslie-korn-783x1024.webp","type":"","width":"","height":""}],"twitter_card":"summary_large_image","twitter_misc":{"Tiempo de lectura":"2 minutos"},"schema":{"@context":"https:\/\/schema.org","@graph":[{"@type":"WebPage","@id":"https:\/\/drlesliekorn.com\/es\/libros\/medicinas-de-la-selva-oeste-de-mexico\/","url":"https:\/\/drlesliekorn.com\/es\/libros\/medicinas-de-la-selva-oeste-de-mexico\/","name":"Medicinas de la selva: el occidente de M\u00e9xico, por la Dra. Leslie Korn","isPartOf":{"@id":"https:\/\/drlesliekorn.com\/#website"},"primaryImageOfPage":{"@id":"https:\/\/drlesliekorn.com\/es\/libros\/medicinas-de-la-selva-oeste-de-mexico\/#primaryimage"},"image":{"@id":"https:\/\/drlesliekorn.com\/es\/libros\/medicinas-de-la-selva-oeste-de-mexico\/#primaryimage"},"thumbnailUrl":"https:\/\/drlesliekorn.com\/wp-content\/uploads\/2023\/01\/medicines-of-the-jungle-western-mexico-dr-leslie-korn-783x1024.webp","datePublished":"2022-10-11T13:49:57+00:00","dateModified":"2023-06-21T09:39:49+00:00","description":"Este libro documenta once de las plantas medicinales m\u00e1s importantes com\u00fanmente utilizadas por las personas que viven en la Comunidad Ind\u00edgena de Chacala.","breadcrumb":{"@id":"https:\/\/drlesliekorn.com\/es\/libros\/medicinas-de-la-selva-oeste-de-mexico\/#breadcrumb"},"inLanguage":"es","potentialAction":[{"@type":"ReadAction","target":["https:\/\/drlesliekorn.com\/es\/libros\/medicinas-de-la-selva-oeste-de-mexico\/"]}]},{"@type":"ImageObject","inLanguage":"es","@id":"https:\/\/drlesliekorn.com\/es\/libros\/medicinas-de-la-selva-oeste-de-mexico\/#primaryimage","url":"https:\/\/drlesliekorn.com\/wp-content\/uploads\/2023\/01\/medicines-of-the-jungle-western-mexico-dr-leslie-korn-783x1024.webp","contentUrl":"https:\/\/drlesliekorn.com\/wp-content\/uploads\/2023\/01\/medicines-of-the-jungle-western-mexico-dr-leslie-korn-783x1024.webp"},{"@type":"BreadcrumbList","@id":"https:\/\/drlesliekorn.com\/es\/libros\/medicinas-de-la-selva-oeste-de-mexico\/#breadcrumb","itemListElement":[{"@type":"ListItem","position":1,"name":"Libros","item":"https:\/\/drlesliekorn.com\/es\/libros\/"},{"@type":"ListItem","position":2,"name":"Medicinas de la selva: Oeste de M\u00e9xico"}]},{"@type":"WebSite","@id":"https:\/\/drlesliekorn.com\/#website","url":"https:\/\/drlesliekorn.com\/","name":"Dr. Leslie Korn","description":"Integrative Medicine with Heart","publisher":{"@id":"https:\/\/drlesliekorn.com\/#\/schema\/person\/5ccfb74a0c80a3e8905c14756907556d"},"potentialAction":[{"@type":"SearchAction","target":{"@type":"EntryPoint","urlTemplate":"https:\/\/drlesliekorn.com\/?s={search_term_string}"},"query-input":{"@type":"PropertyValueSpecification","valueRequired":true,"valueName":"search_term_string"}}],"inLanguage":"es"},{"@type":["Person","Organization"],"@id":"https:\/\/drlesliekorn.com\/#\/schema\/person\/5ccfb74a0c80a3e8905c14756907556d","name":"Leslie Korn, PhD, MPH","image":{"@type":"ImageObject","inLanguage":"es","@id":"https:\/\/drlesliekorn.com\/wp-content\/uploads\/2022\/02\/dr-leslie-korn-logo-color-v.png","url":"https:\/\/drlesliekorn.com\/wp-content\/uploads\/2022\/02\/dr-leslie-korn-logo-color-v.png","contentUrl":"https:\/\/drlesliekorn.com\/wp-content\/uploads\/2022\/02\/dr-leslie-korn-logo-color-v.png","width":2015,"height":1912,"caption":"Leslie Korn, PhD, MPH"},"logo":{"@id":"https:\/\/drlesliekorn.com\/wp-content\/uploads\/2022\/02\/dr-leslie-korn-logo-color-v.png"},"description":"Leslie Korn, PhD, MPH, is a Doctor of Behavioral Medicine and a pioneer in natural and integrative medicine for mental health and chronic illness. She is the author of 10 books and the developer of the Brainbow Blueprint\u00ae model. She served as a Fulbright scholar on traditional medicine, a Clinical Fellow at Harvard Medical School, and a National Institutes of Health-funded research scientist in mind\/body medicine.","sameAs":["https:\/\/drlesliekorn.com","https:\/\/www.facebook.com\/drlesliekorn1","https:\/\/www.instagram.com\/dr.lesliekorn\/?hl=en","https:\/\/www.linkedin.com\/in\/dr-leslie-korn-5455135"]}]}},"_links":{"self":[{"href":"https:\/\/drlesliekorn.com\/es\/wp-json\/wp\/v2\/pages\/37772","targetHints":{"allow":["GET"]}}],"collection":[{"href":"https:\/\/drlesliekorn.com\/es\/wp-json\/wp\/v2\/pages"}],"about":[{"href":"https:\/\/drlesliekorn.com\/es\/wp-json\/wp\/v2\/types\/page"}],"author":[{"embeddable":true,"href":"https:\/\/drlesliekorn.com\/es\/wp-json\/wp\/v2\/users\/20"}],"replies":[{"embeddable":true,"href":"https:\/\/drlesliekorn.com\/es\/wp-json\/wp\/v2\/comments?post=37772"}],"version-history":[{"count":0,"href":"https:\/\/drlesliekorn.com\/es\/wp-json\/wp\/v2\/pages\/37772\/revisions"}],"up":[{"embeddable":true,"href":"https:\/\/drlesliekorn.com\/es\/wp-json\/wp\/v2\/pages\/37763"}],"wp:attachment":[{"href":"https:\/\/drlesliekorn.com\/es\/wp-json\/wp\/v2\/media?parent=37772"}],"curies":[{"name":"wp","href":"https:\/\/api.w.org\/{rel}","templated":true}]}}