{"id":37852,"date":"2023-03-01T22:43:11","date_gmt":"2023-03-01T22:43:11","guid":{"rendered":"https:\/\/drlesliekorn.com\/unete-a-nuestro-programa-de-afiliados\/"},"modified":"2023-07-06T13:29:56","modified_gmt":"2023-07-06T13:29:56","slug":"unete-a-nuestro-programa-de-afiliados","status":"publish","type":"page","link":"https:\/\/drlesliekorn.com\/es\/unete-a-nuestro-programa-de-afiliados\/","title":{"rendered":"\u00danete a nuestro Programa de Afiliados"},"content":{"rendered":"\n<div class=\"wp-block-cover alignfull is-light career-page-banner\" style=\"min-height:596px;aspect-ratio:unset;\"><span aria-hidden=\"true\" class=\"wp-block-cover__background has-background-dim-0 has-background-dim\"><\/span><img decoding=\"async\" width=\"2560\" height=\"1097\" class=\"wp-block-cover__image-background wp-image-36143\" alt=\"Young female integrative practitioner joining the affiliate program on her laptop\" src=\"https:\/\/drlesliekorn.com\/wp-content\/uploads\/2023\/03\/affilate-program-dr-leslie-korn-courses.webp\" data-object-fit=\"cover\" srcset=\"https:\/\/drlesliekorn.com\/wp-content\/uploads\/2023\/03\/affilate-program-dr-leslie-korn-courses.webp 2560w, https:\/\/drlesliekorn.com\/wp-content\/uploads\/2023\/03\/affilate-program-dr-leslie-korn-courses-784x336.webp 784w, https:\/\/drlesliekorn.com\/wp-content\/uploads\/2023\/03\/affilate-program-dr-leslie-korn-courses-1024x439.webp 1024w, https:\/\/drlesliekorn.com\/wp-content\/uploads\/2023\/03\/affilate-program-dr-leslie-korn-courses-768x329.webp 768w, https:\/\/drlesliekorn.com\/wp-content\/uploads\/2023\/03\/affilate-program-dr-leslie-korn-courses-1536x658.webp 1536w, https:\/\/drlesliekorn.com\/wp-content\/uploads\/2023\/03\/affilate-program-dr-leslie-korn-courses-2048x878.webp 2048w\" sizes=\"(max-width: 2560px) 100vw, 2560px\" \/><div class=\"wp-block-cover__inner-container is-layout-flow wp-block-cover-is-layout-flow\">\n<div class=\"wp-block-columns is-layout-flex wp-container-core-columns-is-layout-9d6595d7 wp-block-columns-is-layout-flex\">\n<div class=\"wp-block-column is-layout-flow wp-block-column-is-layout-flow\"><\/div>\n\n\n\n<div class=\"wp-block-column right-col is-layout-flow wp-block-column-is-layout-flow\">\n<h1 class=\"wp-block-heading has-text-align-center main-head has-text-color\" id=\"h-unete-a-nuestro-programa-de-afiliados\" style=\"color:#111111\"><strong>\u00danete a nuestro Programa de Afiliados<\/strong><\/h1>\n\n\n\n<p class=\"has-text-align-center sub-head has-text-color\" style=\"color:#111111\"><strong>Gana una comisi\u00f3n del 30% en todas las ventas de afiliados<\/strong><\/p>\n\n\n\n<div class=\"wp-block-buttons is-content-justification-center is-layout-flex wp-container-core-buttons-is-layout-16018d1d wp-block-buttons-is-layout-flex\">\n<div class=\"wp-block-button\"><a class=\"wp-block-button__link wp-element-button\" href=\"https:\/\/learn.drlesliekorn.com\/p\/affiliate\" target=\"_blank\" rel=\"noreferrer noopener\">Inscr\u00edbete ahora<\/a><\/div>\n<\/div>\n<\/div>\n<\/div>\n<\/div><\/div>\n\n\n\n<div style=\"height:40px\" aria-hidden=\"true\" class=\"wp-block-spacer\"><\/div>\n\n\n\n<div class=\"wp-block-group career-content-sec\"><div class=\"wp-block-group__inner-container is-layout-flow wp-block-group-is-layout-flow\">\n<h2 class=\"wp-block-heading has-text-align-left main-head\" id=\"h-por-que-asociarte-con-nosotros\"><strong>\u00bfPor qu\u00e9 asociarte con nosotros?<\/strong> <\/h2>\n\n\n\n<div style=\"height:24px\" aria-hidden=\"true\" class=\"wp-block-spacer\"><\/div>\n\n\n\n<p class=\"sub-Head1\"><strong>Sencillamente porque ofrecemos un programa de educaci\u00f3n continua profesional de clase mundial en Medicina Integrativa y Nutrici\u00f3n y cursos de autocuidado que transforman vidas. Pero no me tienes que creer a m\u00ed. Escucha lo que otros han dicho&#8230;<\/strong> <\/p>\n\n\n\n<div style=\"height:24px\" aria-hidden=\"true\" class=\"wp-block-spacer\"><\/div>\n\n\n\n<p class=\"has-medium-font-size\">Haz clic aqu\u00ed para ver todos nuestros <strong><a href=\"https:\/\/drlesliekorn.com\/es\/courses\/\">cursos y programas de certificaci\u00f3n<\/a><\/strong><\/p>\n<\/div><\/div>\n\n\n\n<div class=\"wp-block-group alignfull testimonial-BG-sec\"><div class=\"wp-block-group__inner-container is-layout-flow wp-block-group-is-layout-flow\"><\/div><\/div>\n\n\n\n<div class=\"wp-block-group alignfull testimonial-sec\"><div class=\"wp-block-group__inner-container is-layout-flow wp-block-group-is-layout-flow\"><div class=\"owl-carousel owl-carousel-3\"><div class=\"testimonials-cont-wrap\"><div class=\"testimonials-img-wrap\"><img decoding=\"async\" width=\"280\" height=\"280\" src=\"https:\/\/drlesliekorn.com\/wp-content\/uploads\/2023\/02\/Dara-Goldberg.png\" class=\"attachment-post-thumbnail size-post-thumbnail wp-post-image\" alt=\"Default ALT text for Dara-Goldberg\" srcset=\"https:\/\/drlesliekorn.com\/wp-content\/uploads\/2023\/02\/Dara-Goldberg.png 280w, https:\/\/drlesliekorn.com\/wp-content\/uploads\/2023\/02\/Dara-Goldberg-150x150.png 150w\" sizes=\"(max-width: 280px) 100vw, 280px\" \/><div class=\"testimonials-text-wrap\"><div class=\"testimonials-text\"><!-- wp:paragraph {\"translatedWithWPMLTM\":\"1\"} -->\n<p>\"El contenido y tu estilo de ense\u00f1anza me ayudaron a mantener la motivaci\u00f3n y la esperanza para ser el tipo de profesional en el que siempre hab\u00eda querido convertirme\".<\/p>\n<!-- \/wp:paragraph --><\/div><div class=\"Testimonial-Title\"><h2>Dra. Dara Goldberg<\/h2><\/div><span class=\"testi-position\"><\/span><\/div><\/div><\/div><div class=\"testimonials-cont-wrap\"><div class=\"testimonials-img-wrap\"><img decoding=\"async\" width=\"280\" height=\"280\" src=\"https:\/\/drlesliekorn.com\/wp-content\/uploads\/2023\/02\/Rebecca-Faulkner.png\" class=\"attachment-post-thumbnail size-post-thumbnail wp-post-image\" alt=\"Default ALT text for Rebecca-Faulkner\" srcset=\"https:\/\/drlesliekorn.com\/wp-content\/uploads\/2023\/02\/Rebecca-Faulkner.png 280w, https:\/\/drlesliekorn.com\/wp-content\/uploads\/2023\/02\/Rebecca-Faulkner-150x150.png 150w\" sizes=\"(max-width: 280px) 100vw, 280px\" \/><div class=\"testimonials-text-wrap\"><div class=\"testimonials-text\"><!-- wp:paragraph {\"translatedWithWPMLTM\":\"1\"} -->\n<p>\"El curso de la Dra. Korn sobre Nutrici\u00f3n y Medicina Integrativa y Trastornos Mentales es el programa m\u00e1s completo que he tomado sobre este tema. Proporciona una base s\u00f3lida y las herramientas para la pr\u00e1ctica. Es un programa excelente\".<\/p>\n<!-- \/wp:paragraph --><\/div><div class=\"Testimonial-Title\"><h2>Rebecca Faulkner, MSN, PMHNP-BC, RD<\/h2><\/div><span class=\"testi-position\"><\/span><\/div><\/div><\/div><div class=\"testimonials-cont-wrap\"><div class=\"testimonials-img-wrap\"><img decoding=\"async\" width=\"280\" height=\"280\" src=\"https:\/\/drlesliekorn.com\/wp-content\/uploads\/2022\/11\/Rachel-Joffe.png\" class=\"attachment-post-thumbnail size-post-thumbnail wp-post-image\" alt=\"Default ALT text for Rachel-Joffe\" srcset=\"https:\/\/drlesliekorn.com\/wp-content\/uploads\/2022\/11\/Rachel-Joffe.png 280w, https:\/\/drlesliekorn.com\/wp-content\/uploads\/2022\/11\/Rachel-Joffe-150x150.png 150w\" sizes=\"(max-width: 280px) 100vw, 280px\" \/><div class=\"testimonials-text-wrap\"><div class=\"testimonials-text\"><!-- wp:paragraph {\"translatedWithWPMLTM\":\"1\"} -->\n<p>\"Eres la Jane Goodall de la medicina integrativa y la nutrici\u00f3n\".<\/p>\n<!-- \/wp:paragraph --><\/div><div class=\"Testimonial-Title\"><h2>Rachel Joffe, LCSW<\/h2><\/div><span class=\"testi-position\"><\/span><\/div><\/div><\/div><\/div>\n<\/div><\/div>\n\n\n\n<div class=\"wp-block-group alignfull career-credential-sec\"><div class=\"wp-block-group__inner-container is-layout-flow wp-block-group-is-layout-flow\">\n<h2 class=\"wp-block-heading main-Head\" id=\"h-asi-es-como-funciona\"><strong>As\u00ed es como funciona<\/strong><\/h2>\n\n\n\n<ul class=\"wp-block-list\">\n<li>Llena la solicitud<\/li>\n\n\n\n<li>Tras ser aprobado, recibir\u00e1s un enlace de afiliado para 4 meses<\/li>\n\n\n\n<li>Promociona nuestros cursos bajo demanda con el enlace de afiliado<\/li>\n\n\n\n<li><strong>Gana un 30% de comisi\u00f3n<\/strong><\/li>\n<\/ul>\n\n\n\n<p>Tras ser aprobado, recibir\u00e1s un correo electr\u00f3nico con un acceso al panel de control de afiliados de Teachable, donde podr\u00e1s revisar y supervisar tu cuenta en l\u00ednea. Si ya tienes una cuenta Teachable con nosotros, tendr\u00e1s acceso a este panel con tu misma cuenta. <\/p>\n\n\n\n<p>En tu panel ver\u00e1s las comisiones generadas. <\/p>\n\n\n\n<div style=\"height:10px\" aria-hidden=\"true\" class=\"wp-block-spacer\"><\/div>\n\n\n\n<div class=\"wp-block-buttons is-content-justification-center is-layout-flex wp-container-core-buttons-is-layout-16018d1d wp-block-buttons-is-layout-flex\">\n<div class=\"wp-block-button\"><a class=\"wp-block-button__link wp-element-button\" href=\"https:\/\/learn.drlesliekorn.com\/p\/affiliate\" target=\"_blank\" rel=\"noreferrer noopener\">Inscr\u00edbete ahora<\/a><\/div>\n<\/div>\n\n\n\n<div style=\"height:55px\" aria-hidden=\"true\" class=\"wp-block-spacer\"><\/div>\n\n\n\n<p><strong><strong>Se aplican algunas exclusiones<\/strong><\/strong><\/p>\n\n\n\n<ul class=\"wp-block-list\">\n<li>Las comisiones s\u00f3lo se aplican a las ventas que generes promocionando los cursos bajo demanda de la Dra. Korn (no a las ventas de tus propios programas)<\/li>\n\n\n\n<li>Los cursos en vivo est\u00e1n excluidos del programa de afiliados<\/li>\n<\/ul>\n<\/div><\/div>\n\n\n\n<div style=\"height:24px\" aria-hidden=\"true\" class=\"wp-block-spacer\"><\/div>\n\n\n\n<div class=\"wp-block-group alignfull testimonial-BG-sec\"><div class=\"wp-block-group__inner-container is-layout-flow wp-block-group-is-layout-flow\"><\/div><\/div>\n","protected":false},"excerpt":{"rendered":"<p>\u00bfPor qu\u00e9 asociarte con nosotros? Sencillamente porque ofrecemos un programa de educaci\u00f3n continua profesional de clase mundial en Medicina Integrativa y Nutrici\u00f3n y cursos de autocuidado que transforman vidas. Pero [&hellip;]<\/p>\n","protected":false},"author":13,"featured_media":0,"parent":0,"menu_order":0,"comment_status":"closed","ping_status":"closed","template":"","meta":{"_acf_changed":false,"inline_featured_image":false,"_genesis_hide_title":true,"_genesis_hide_breadcrumbs":false,"_genesis_hide_singular_image":false,"_genesis_hide_footer_widgets":false,"_genesis_custom_body_class":"Career-Counseling-page","_genesis_custom_post_class":"","_genesis_layout":"","footnotes":""},"class_list":{"0":"post-37852","1":"page","2":"type-page","3":"status-publish","5":"entry","6":"has-post-thumbnail"},"acf":[],"yoast_head":"<!-- This site is optimized with the Yoast SEO Premium plugin v27.3 (Yoast SEO v27.3) - https:\/\/yoast.com\/product\/yoast-seo-premium-wordpress\/ -->\n<title>\u00danete a nuestro Programa de Afiliados, Gana una comisi\u00f3n del 30%<\/title>\n<meta name=\"description\" content=\"Gane una comisi\u00f3n del 30% cuando se una a nuestro Programa de Afiliados. Promocione nuestros cursos y programas de certificaci\u00f3n de Medicina Integrativa y Nutrici\u00f3n.\" \/>\n<meta name=\"robots\" content=\"index, follow, max-snippet:-1, max-image-preview:large, max-video-preview:-1\" \/>\n<link rel=\"canonical\" href=\"https:\/\/drlesliekorn.com\/es\/unete-a-nuestro-programa-de-afiliados\/\" \/>\n<meta property=\"og:locale\" content=\"es_ES\" \/>\n<meta property=\"og:type\" content=\"article\" \/>\n<meta property=\"og:title\" content=\"\u00danete a nuestro Programa de Afiliados | Dr. Leslie Korn\" \/>\n<meta property=\"og:description\" content=\"\u00danete a nuestro Programa de Afiliados Gana una comisi\u00f3n del 30% en todas las ventas de afiliados Inscr\u00edbete ahora \u00bfPor qu\u00e9 asociarte con nosotros?\" \/>\n<meta property=\"og:url\" content=\"https:\/\/drlesliekorn.com\/es\/unete-a-nuestro-programa-de-afiliados\/\" \/>\n<meta property=\"og:site_name\" content=\"Dr. Leslie Korn\" \/>\n<meta property=\"article:publisher\" content=\"https:\/\/www.facebook.com\/drlesliekorn1\" \/>\n<meta property=\"article:modified_time\" content=\"2023-07-06T13:29:56+00:00\" \/>\n<meta property=\"og:image\" content=\"https:\/\/drlesliekorn.com\/wp-content\/uploads\/2023\/03\/affilate-program-dr-leslie-korn-courses.webp\" \/>\n<meta name=\"twitter:card\" content=\"summary_large_image\" \/>\n<meta name=\"twitter:label1\" content=\"Tiempo de lectura\" \/>\n\t<meta name=\"twitter:data1\" content=\"2 minutos\" \/>\n<script type=\"application\/ld+json\" class=\"yoast-schema-graph\">{\"@context\":\"https:\\\/\\\/schema.org\",\"@graph\":[{\"@type\":\"WebPage\",\"@id\":\"https:\\\/\\\/drlesliekorn.com\\\/es\\\/unete-a-nuestro-programa-de-afiliados\\\/\",\"url\":\"https:\\\/\\\/drlesliekorn.com\\\/es\\\/unete-a-nuestro-programa-de-afiliados\\\/\",\"name\":\"\u00danete a nuestro Programa de Afiliados, Gana una comisi\u00f3n del 30%\",\"isPartOf\":{\"@id\":\"https:\\\/\\\/drlesliekorn.com\\\/#website\"},\"primaryImageOfPage\":{\"@id\":\"https:\\\/\\\/drlesliekorn.com\\\/es\\\/unete-a-nuestro-programa-de-afiliados\\\/#primaryimage\"},\"image\":{\"@id\":\"https:\\\/\\\/drlesliekorn.com\\\/es\\\/unete-a-nuestro-programa-de-afiliados\\\/#primaryimage\"},\"thumbnailUrl\":\"https:\\\/\\\/drlesliekorn.com\\\/wp-content\\\/uploads\\\/2023\\\/03\\\/affilate-program-dr-leslie-korn-courses.webp\",\"datePublished\":\"2023-03-01T22:43:11+00:00\",\"dateModified\":\"2023-07-06T13:29:56+00:00\",\"description\":\"Gane una comisi\u00f3n del 30% cuando se una a nuestro Programa de Afiliados. Promocione nuestros cursos y programas de certificaci\u00f3n de Medicina Integrativa y Nutrici\u00f3n.\",\"inLanguage\":\"es\",\"potentialAction\":[{\"@type\":\"ReadAction\",\"target\":[\"https:\\\/\\\/drlesliekorn.com\\\/es\\\/unete-a-nuestro-programa-de-afiliados\\\/\"]}]},{\"@type\":\"ImageObject\",\"inLanguage\":\"es\",\"@id\":\"https:\\\/\\\/drlesliekorn.com\\\/es\\\/unete-a-nuestro-programa-de-afiliados\\\/#primaryimage\",\"url\":\"https:\\\/\\\/drlesliekorn.com\\\/wp-content\\\/uploads\\\/2023\\\/03\\\/affilate-program-dr-leslie-korn-courses.webp\",\"contentUrl\":\"https:\\\/\\\/drlesliekorn.com\\\/wp-content\\\/uploads\\\/2023\\\/03\\\/affilate-program-dr-leslie-korn-courses.webp\"},{\"@type\":\"WebSite\",\"@id\":\"https:\\\/\\\/drlesliekorn.com\\\/#website\",\"url\":\"https:\\\/\\\/drlesliekorn.com\\\/\",\"name\":\"Dr. Leslie Korn\",\"description\":\"Integrative Medicine with Heart\",\"publisher\":{\"@id\":\"https:\\\/\\\/drlesliekorn.com\\\/#\\\/schema\\\/person\\\/5ccfb74a0c80a3e8905c14756907556d\"},\"potentialAction\":[{\"@type\":\"SearchAction\",\"target\":{\"@type\":\"EntryPoint\",\"urlTemplate\":\"https:\\\/\\\/drlesliekorn.com\\\/?s={search_term_string}\"},\"query-input\":{\"@type\":\"PropertyValueSpecification\",\"valueRequired\":true,\"valueName\":\"search_term_string\"}}],\"inLanguage\":\"es\"},{\"@type\":[\"Person\",\"Organization\"],\"@id\":\"https:\\\/\\\/drlesliekorn.com\\\/#\\\/schema\\\/person\\\/5ccfb74a0c80a3e8905c14756907556d\",\"name\":\"Leslie Korn, PhD, MPH\",\"image\":{\"@type\":\"ImageObject\",\"inLanguage\":\"es\",\"@id\":\"https:\\\/\\\/drlesliekorn.com\\\/wp-content\\\/uploads\\\/2022\\\/02\\\/dr-leslie-korn-logo-color-v.png\",\"url\":\"https:\\\/\\\/drlesliekorn.com\\\/wp-content\\\/uploads\\\/2022\\\/02\\\/dr-leslie-korn-logo-color-v.png\",\"contentUrl\":\"https:\\\/\\\/drlesliekorn.com\\\/wp-content\\\/uploads\\\/2022\\\/02\\\/dr-leslie-korn-logo-color-v.png\",\"width\":2015,\"height\":1912,\"caption\":\"Leslie Korn, PhD, MPH\"},\"logo\":{\"@id\":\"https:\\\/\\\/drlesliekorn.com\\\/wp-content\\\/uploads\\\/2022\\\/02\\\/dr-leslie-korn-logo-color-v.png\"},\"description\":\"Leslie Korn, PhD, MPH, is a Doctor of Behavioral Medicine and a pioneer in natural and integrative medicine for mental health and chronic illness. She is the author of 10 books and the developer of the Brainbow Blueprint\u00ae model. She served as a Fulbright scholar on traditional medicine, a Clinical Fellow at Harvard Medical School, and a National Institutes of Health-funded research scientist in mind\\\/body medicine.\",\"sameAs\":[\"https:\\\/\\\/drlesliekorn.com\",\"https:\\\/\\\/www.facebook.com\\\/drlesliekorn1\",\"https:\\\/\\\/www.instagram.com\\\/dr.lesliekorn\\\/?hl=en\",\"https:\\\/\\\/www.linkedin.com\\\/in\\\/dr-leslie-korn-5455135\"]}]}<\/script>\n<!-- \/ Yoast SEO Premium plugin. -->","yoast_head_json":{"title":"\u00danete a nuestro Programa de Afiliados, Gana una comisi\u00f3n del 30%","description":"Gane una comisi\u00f3n del 30% cuando se una a nuestro Programa de Afiliados. Promocione nuestros cursos y programas de certificaci\u00f3n de Medicina Integrativa y Nutrici\u00f3n.","robots":{"index":"index","follow":"follow","max-snippet":"max-snippet:-1","max-image-preview":"max-image-preview:large","max-video-preview":"max-video-preview:-1"},"canonical":"https:\/\/drlesliekorn.com\/es\/unete-a-nuestro-programa-de-afiliados\/","og_locale":"es_ES","og_type":"article","og_title":"\u00danete a nuestro Programa de Afiliados | Dr. Leslie Korn","og_description":"\u00danete a nuestro Programa de Afiliados Gana una comisi\u00f3n del 30% en todas las ventas de afiliados Inscr\u00edbete ahora \u00bfPor qu\u00e9 asociarte con nosotros?","og_url":"https:\/\/drlesliekorn.com\/es\/unete-a-nuestro-programa-de-afiliados\/","og_site_name":"Dr. Leslie Korn","article_publisher":"https:\/\/www.facebook.com\/drlesliekorn1","article_modified_time":"2023-07-06T13:29:56+00:00","og_image":[{"url":"https:\/\/drlesliekorn.com\/wp-content\/uploads\/2023\/03\/affilate-program-dr-leslie-korn-courses.webp","type":"","width":"","height":""}],"twitter_card":"summary_large_image","twitter_misc":{"Tiempo de lectura":"2 minutos"},"schema":{"@context":"https:\/\/schema.org","@graph":[{"@type":"WebPage","@id":"https:\/\/drlesliekorn.com\/es\/unete-a-nuestro-programa-de-afiliados\/","url":"https:\/\/drlesliekorn.com\/es\/unete-a-nuestro-programa-de-afiliados\/","name":"\u00danete a nuestro Programa de Afiliados, Gana una comisi\u00f3n del 30%","isPartOf":{"@id":"https:\/\/drlesliekorn.com\/#website"},"primaryImageOfPage":{"@id":"https:\/\/drlesliekorn.com\/es\/unete-a-nuestro-programa-de-afiliados\/#primaryimage"},"image":{"@id":"https:\/\/drlesliekorn.com\/es\/unete-a-nuestro-programa-de-afiliados\/#primaryimage"},"thumbnailUrl":"https:\/\/drlesliekorn.com\/wp-content\/uploads\/2023\/03\/affilate-program-dr-leslie-korn-courses.webp","datePublished":"2023-03-01T22:43:11+00:00","dateModified":"2023-07-06T13:29:56+00:00","description":"Gane una comisi\u00f3n del 30% cuando se una a nuestro Programa de Afiliados. Promocione nuestros cursos y programas de certificaci\u00f3n de Medicina Integrativa y Nutrici\u00f3n.","inLanguage":"es","potentialAction":[{"@type":"ReadAction","target":["https:\/\/drlesliekorn.com\/es\/unete-a-nuestro-programa-de-afiliados\/"]}]},{"@type":"ImageObject","inLanguage":"es","@id":"https:\/\/drlesliekorn.com\/es\/unete-a-nuestro-programa-de-afiliados\/#primaryimage","url":"https:\/\/drlesliekorn.com\/wp-content\/uploads\/2023\/03\/affilate-program-dr-leslie-korn-courses.webp","contentUrl":"https:\/\/drlesliekorn.com\/wp-content\/uploads\/2023\/03\/affilate-program-dr-leslie-korn-courses.webp"},{"@type":"WebSite","@id":"https:\/\/drlesliekorn.com\/#website","url":"https:\/\/drlesliekorn.com\/","name":"Dr. Leslie Korn","description":"Integrative Medicine with Heart","publisher":{"@id":"https:\/\/drlesliekorn.com\/#\/schema\/person\/5ccfb74a0c80a3e8905c14756907556d"},"potentialAction":[{"@type":"SearchAction","target":{"@type":"EntryPoint","urlTemplate":"https:\/\/drlesliekorn.com\/?s={search_term_string}"},"query-input":{"@type":"PropertyValueSpecification","valueRequired":true,"valueName":"search_term_string"}}],"inLanguage":"es"},{"@type":["Person","Organization"],"@id":"https:\/\/drlesliekorn.com\/#\/schema\/person\/5ccfb74a0c80a3e8905c14756907556d","name":"Leslie Korn, PhD, MPH","image":{"@type":"ImageObject","inLanguage":"es","@id":"https:\/\/drlesliekorn.com\/wp-content\/uploads\/2022\/02\/dr-leslie-korn-logo-color-v.png","url":"https:\/\/drlesliekorn.com\/wp-content\/uploads\/2022\/02\/dr-leslie-korn-logo-color-v.png","contentUrl":"https:\/\/drlesliekorn.com\/wp-content\/uploads\/2022\/02\/dr-leslie-korn-logo-color-v.png","width":2015,"height":1912,"caption":"Leslie Korn, PhD, MPH"},"logo":{"@id":"https:\/\/drlesliekorn.com\/wp-content\/uploads\/2022\/02\/dr-leslie-korn-logo-color-v.png"},"description":"Leslie Korn, PhD, MPH, is a Doctor of Behavioral Medicine and a pioneer in natural and integrative medicine for mental health and chronic illness. She is the author of 10 books and the developer of the Brainbow Blueprint\u00ae model. She served as a Fulbright scholar on traditional medicine, a Clinical Fellow at Harvard Medical School, and a National Institutes of Health-funded research scientist in mind\/body medicine.","sameAs":["https:\/\/drlesliekorn.com","https:\/\/www.facebook.com\/drlesliekorn1","https:\/\/www.instagram.com\/dr.lesliekorn\/?hl=en","https:\/\/www.linkedin.com\/in\/dr-leslie-korn-5455135"]}]}},"_links":{"self":[{"href":"https:\/\/drlesliekorn.com\/es\/wp-json\/wp\/v2\/pages\/37852","targetHints":{"allow":["GET"]}}],"collection":[{"href":"https:\/\/drlesliekorn.com\/es\/wp-json\/wp\/v2\/pages"}],"about":[{"href":"https:\/\/drlesliekorn.com\/es\/wp-json\/wp\/v2\/types\/page"}],"author":[{"embeddable":true,"href":"https:\/\/drlesliekorn.com\/es\/wp-json\/wp\/v2\/users\/13"}],"replies":[{"embeddable":true,"href":"https:\/\/drlesliekorn.com\/es\/wp-json\/wp\/v2\/comments?post=37852"}],"version-history":[{"count":0,"href":"https:\/\/drlesliekorn.com\/es\/wp-json\/wp\/v2\/pages\/37852\/revisions"}],"wp:attachment":[{"href":"https:\/\/drlesliekorn.com\/es\/wp-json\/wp\/v2\/media?parent=37852"}],"curies":[{"name":"wp","href":"https:\/\/api.w.org\/{rel}","templated":true}]}}